{"id":12155,"date":"2018-08-30T07:54:55","date_gmt":"2018-08-30T07:54:55","guid":{"rendered":"http:\/\/www.gardonyimor.hu\/?page_id=12155"},"modified":"2026-03-23T14:36:07","modified_gmt":"2026-03-23T14:36:07","slug":"etlap","status":"publish","type":"page","link":"https:\/\/www.gardonyimor.hu\/?page_id=12155","title":{"rendered":"\u00c9tlap"},"content":{"rendered":"\n<hr class=\"wp-block-separator has-css-opacity\"\/>\n\n\n\n<div class=\"wp-block-file\"><a id=\"wp-block-file--media-9fbf877c-c798-4cb6-8109-4d323b9686cc\" href=\"https:\/\/www.gardonyimor.hu\/wp-content\/uploads\/2026\/03\/Iskola-etlap-2026.aprilis.pdf\">2026.\u00e1prilis<\/a><a href=\"https:\/\/www.gardonyimor.hu\/wp-content\/uploads\/2026\/03\/Iskola-etlap-2026.aprilis.pdf\" class=\"wp-block-file__button wp-element-button\" download aria-describedby=\"wp-block-file--media-9fbf877c-c798-4cb6-8109-4d323b9686cc\">Let\u00f6lt\u00e9s<\/a><\/div>\n\n\n\n<div class=\"wp-block-file\"><a id=\"wp-block-file--media-91e24420-ccd3-4c50-a6b8-479c56ecd3a5\" href=\"https:\/\/www.gardonyimor.hu\/wp-content\/uploads\/2026\/02\/Iskola-etlap-2026.marcius.pdf\">2026.m\u00e1rcius<\/a><a href=\"https:\/\/www.gardonyimor.hu\/wp-content\/uploads\/2026\/02\/Iskola-etlap-2026.marcius.pdf\" class=\"wp-block-file__button wp-element-button\" download aria-describedby=\"wp-block-file--media-91e24420-ccd3-4c50-a6b8-479c56ecd3a5\">Let\u00f6lt\u00e9s<\/a><\/div>\n\n\n\n<div class=\"wp-block-file\"><a id=\"wp-block-file--media-a31b7917-a58f-4680-8095-024d96cf6c0b\" href=\"https:\/\/www.gardonyimor.hu\/wp-content\/uploads\/2026\/01\/S22C-6e26012310190.pdf\">2026. febru\u00e1r<\/a><a href=\"https:\/\/www.gardonyimor.hu\/wp-content\/uploads\/2026\/01\/S22C-6e26012310190.pdf\" class=\"wp-block-file__button wp-element-button\" download aria-describedby=\"wp-block-file--media-a31b7917-a58f-4680-8095-024d96cf6c0b\">Let\u00f6lt\u00e9s<\/a><\/div>\n\n\n\n<div class=\"wp-block-file\"><a id=\"wp-block-file--media-fd1758da-4a52-4055-9a68-247a28d2ef2a\" href=\"https:\/\/www.gardonyimor.hu\/wp-content\/uploads\/2025\/12\/S22C-6e25121713450.pdf\">2026. janu\u00e1r<\/a><a href=\"https:\/\/www.gardonyimor.hu\/wp-content\/uploads\/2025\/12\/S22C-6e25121713450.pdf\" class=\"wp-block-file__button wp-element-button\" download aria-describedby=\"wp-block-file--media-fd1758da-4a52-4055-9a68-247a28d2ef2a\">Let\u00f6lt\u00e9s<\/a><\/div>\n\n\n\n<div class=\"wp-block-file\"><a id=\"wp-block-file--media-707602c0-d7e6-48a6-aaad-53327ba61829\" href=\"https:\/\/www.gardonyimor.hu\/wp-content\/uploads\/2025\/11\/S22C-6e25112114520.pdf\">2025. december<\/a><a href=\"https:\/\/www.gardonyimor.hu\/wp-content\/uploads\/2025\/11\/S22C-6e25112114520.pdf\" class=\"wp-block-file__button wp-element-button\" download aria-describedby=\"wp-block-file--media-707602c0-d7e6-48a6-aaad-53327ba61829\">Let\u00f6lt\u00e9s<\/a><\/div>\n\n\n\n<div class=\"wp-block-file\"><a id=\"wp-block-file--media-2366e5d5-d5ba-488d-bfa7-71a52ea28be9\" href=\"https:\/\/www.gardonyimor.hu\/wp-content\/uploads\/2025\/10\/Etlap.pdf\">2025. november<\/a><a href=\"https:\/\/www.gardonyimor.hu\/wp-content\/uploads\/2025\/10\/Etlap.pdf\" class=\"wp-block-file__button wp-element-button\" download aria-describedby=\"wp-block-file--media-2366e5d5-d5ba-488d-bfa7-71a52ea28be9\">Let\u00f6lt\u00e9s<\/a><\/div>\n\n\n\n<div class=\"wp-block-file\"><a id=\"wp-block-file--media-939625ac-765c-46ed-8c6a-fe5c742c6558\" href=\"https:\/\/www.gardonyimor.hu\/wp-content\/uploads\/2025\/09\/S22C-6e25092411400.pdf\">2025. okt\u00f3ber<\/a><a href=\"https:\/\/www.gardonyimor.hu\/wp-content\/uploads\/2025\/09\/S22C-6e25092411400.pdf\" class=\"wp-block-file__button wp-element-button\" download aria-describedby=\"wp-block-file--media-939625ac-765c-46ed-8c6a-fe5c742c6558\">Let\u00f6lt\u00e9s<\/a><\/div>\n\n\n\n<div class=\"wp-block-file\"><a id=\"wp-block-file--media-14384244-4aff-4902-85d7-77015d73ee13\" href=\"https:\/\/www.gardonyimor.hu\/wp-content\/uploads\/2025\/08\/S22C-6e25082515270.pdf\">2025. szeptember<\/a><a href=\"https:\/\/www.gardonyimor.hu\/wp-content\/uploads\/2025\/08\/S22C-6e25082515270.pdf\" class=\"wp-block-file__button wp-element-button\" download aria-describedby=\"wp-block-file--media-14384244-4aff-4902-85d7-77015d73ee13\">Let\u00f6lt\u00e9s<\/a><\/div>\n\n\n\n<hr class=\"wp-block-separator has-alpha-channel-opacity\"\/>\n\n\n\n<div class=\"wp-block-file\"><a id=\"wp-block-file--media-f10d9c96-40d9-4ed2-9e65-5ac615aaf447\" href=\"https:\/\/www.gardonyimor.hu\/wp-content\/uploads\/2025\/12\/Gyermek-etkezes.pdf\">Gyermek \u00e9tkez\u00e9s<\/a><a href=\"https:\/\/www.gardonyimor.hu\/wp-content\/uploads\/2025\/12\/Gyermek-etkezes.pdf\" class=\"wp-block-file__button wp-element-button\" download aria-describedby=\"wp-block-file--media-f10d9c96-40d9-4ed2-9e65-5ac615aaf447\">Let\u00f6lt\u00e9s<\/a><\/div>\n\n\n\n<div class=\"wp-block-file\"><a id=\"wp-block-file--media-77ba4b80-fc96-456e-8eeb-5878322af21f\" href=\"https:\/\/www.gardonyimor.hu\/wp-content\/uploads\/2025\/12\/Felnott-etkezes.pdf\">Feln\u0151tt \u00e9tkez\u00e9s<\/a><a href=\"https:\/\/www.gardonyimor.hu\/wp-content\/uploads\/2025\/12\/Felnott-etkezes.pdf\" class=\"wp-block-file__button wp-element-button\" download aria-describedby=\"wp-block-file--media-77ba4b80-fc96-456e-8eeb-5878322af21f\">Let\u00f6lt\u00e9s<\/a><\/div>\n\n\n\n<p><\/p>\n","protected":false},"excerpt":{"rendered":"","protected":false},"author":1,"featured_media":0,"parent":877,"menu_order":0,"comment_status":"closed","ping_status":"closed","template":"","meta":{"footnotes":""},"class_list":["post-12155","page","type-page","status-publish","hentry"],"_links":{"self":[{"href":"https:\/\/www.gardonyimor.hu\/index.php?rest_route=\/wp\/v2\/pages\/12155","targetHints":{"allow":["GET"]}}],"collection":[{"href":"https:\/\/www.gardonyimor.hu\/index.php?rest_route=\/wp\/v2\/pages"}],"about":[{"href":"https:\/\/www.gardonyimor.hu\/index.php?rest_route=\/wp\/v2\/types\/page"}],"author":[{"embeddable":true,"href":"https:\/\/www.gardonyimor.hu\/index.php?rest_route=\/wp\/v2\/users\/1"}],"replies":[{"embeddable":true,"href":"https:\/\/www.gardonyimor.hu\/index.php?rest_route=%2Fwp%2Fv2%2Fcomments&post=12155"}],"version-history":[{"count":84,"href":"https:\/\/www.gardonyimor.hu\/index.php?rest_route=\/wp\/v2\/pages\/12155\/revisions"}],"predecessor-version":[{"id":25724,"href":"https:\/\/www.gardonyimor.hu\/index.php?rest_route=\/wp\/v2\/pages\/12155\/revisions\/25724"}],"up":[{"embeddable":true,"href":"https:\/\/www.gardonyimor.hu\/index.php?rest_route=\/wp\/v2\/pages\/877"}],"wp:attachment":[{"href":"https:\/\/www.gardonyimor.hu\/index.php?rest_route=%2Fwp%2Fv2%2Fmedia&parent=12155"}],"curies":[{"name":"wp","href":"https:\/\/api.w.org\/{rel}","templated":true}]}}