{"id":13612,"date":"2019-03-12T08:31:35","date_gmt":"2019-03-12T08:31:35","guid":{"rendered":"http:\/\/www.gardonyimor.hu\/?page_id=13612"},"modified":"2025-11-07T14:38:26","modified_gmt":"2025-11-07T14:38:26","slug":"kozepfoku-beiskolazas-a-2019-2020-as-tanevben","status":"publish","type":"page","link":"https:\/\/www.gardonyimor.hu\/?page_id=13612","title":{"rendered":"K\u00f6z\u00e9pfok\u00fa beiskol\u00e1z\u00e1s a 2026-2027-\u00f6s tan\u00e9vben"},"content":{"rendered":"\n<p> Rendk\u00edv\u00fcli felv\u00e9teli elj\u00e1r\u00e1s <\/p>\n\n\n<p><strong><u>Kerti munk\u00e1s r\u00e9szszakk\u00e9pes\u00edt\u00e9s1+2 \u00e9vfolyamos<\/u><\/strong><\/p>\n<p><strong>K\u00e9pz\u00e9s c\u00e9lja:<\/strong> A h\u00e1z k\u00f6r\u00fcli \u00e9s h\u00e1zt\u00e1ji d\u00edszkertekben \u00e9s \u00e1rutermel\u0151 kertekben az alapvet\u0151 kert\u00e9szeti tev\u00e9kenys\u00e9gek elv\u00e9gz\u00e9s\u00e9re alkalmas munk\u00e1sok szakk\u00e9pzetts\u00e9g\u00e9nek tan\u00fas\u00edt\u00e1s\u00e1ra. A kerti haszonn\u00f6v\u00e9nyek szakszer\u0171 sz\u00fcretel\u00e9si, \u00e1rukik\u00e9sz\u00edt\u00e9si, t\u00e1rol\u00e1si munk\u00e1inak ell\u00e1t\u00e1sa. D\u00edszkertekben a d\u00edszf\u00e1k, d\u00edszcserj\u00e9k gondoz\u00e1s\u00e1ra,a gyep- \u00e9s vir\u00e1gfel\u00fclet, valamint a bels\u0151 utak karbantart\u00e1s\u00e1ra, olyan n\u00f6v\u00e9nytermeszt\u00e9si tev\u00e9kenys\u00e9g v\u00e9gz\u00e9s\u00e9re, mely z\u00f6m\u00e9ben fizikai munk\u00e1t jelent.<\/p>\n<p><strong>Munkater\u00fclet jellemz\u00e9se:<\/strong> A szakk\u00e9pes\u00edtett kerti munk\u00e1s v\u00e1llalkozhat a legfontosabb kerti haszonn\u00f6v\u00e9nyek, a leggyakrabban alkalmazott kerti d\u00edszn\u00f6v\u00e9nyek telep\u00edt\u00e9s\u00e9re, felnevel\u00e9s\u00fck alapvet\u0151 munk\u00e1inak elv\u00e9gz\u00e9s\u00e9re. A term\u0151kor\u00fa gy\u00fcm\u00f6lcsf\u00e1k \u00e9s sz\u0151l\u0151 fenntart\u00f3-karbantart\u00f3 technol\u00f3giai m\u0171veleteinek, az \u00e9ves \u00e1pol\u00e1si munk\u00e1inak v\u00e9gz\u00e9s\u00e9re. A z\u00f6lds\u00e9gf\u00e9l\u00e9k termeszt\u00e9stechnol\u00f3giai m\u0171veleteinek alkalmaz\u00e1s\u00e1ra. A kerti haszonn\u00f6v\u00e9nyek szakszer\u0171 sz\u00fcretel\u00e9si, \u00e1rukik\u00e9sz\u00edt\u00e9si, t\u00e1rol\u00e1si munk\u00e1inak ell\u00e1t\u00e1s\u00e1ra.<\/p>\n<p>\u00a0<\/p>","protected":false},"excerpt":{"rendered":"<p>Rendk\u00edv\u00fcli felv\u00e9teli elj\u00e1r\u00e1s Kerti munk\u00e1s r\u00e9szszakk\u00e9pes\u00edt\u00e9s1+2 \u00e9vfolyamos K\u00e9pz\u00e9s c\u00e9lja: A h\u00e1z k\u00f6r\u00fcli \u00e9s h\u00e1zt\u00e1ji d\u00edszkertekben \u00e9s \u00e1rutermel\u0151 kertekben az alapvet\u0151 kert\u00e9szeti tev\u00e9kenys\u00e9gek elv\u00e9gz\u00e9s\u00e9re alkalmas munk\u00e1sok szakk\u00e9pzetts\u00e9g\u00e9nek tan\u00fas\u00edt\u00e1s\u00e1ra. A kerti haszonn\u00f6v\u00e9nyek szakszer\u0171 sz\u00fcretel\u00e9si, \u00e1rukik\u00e9sz\u00edt\u00e9si, t\u00e1rol\u00e1si munk\u00e1inak ell\u00e1t\u00e1sa. D\u00edszkertekben a d\u00edszf\u00e1k, d\u00edszcserj\u00e9k gondoz\u00e1s\u00e1ra,a gyep- \u00e9s vir\u00e1gfel\u00fclet, valamint a bels\u0151 utak karbantart\u00e1s\u00e1ra, olyan n\u00f6v\u00e9nytermeszt\u00e9si tev\u00e9kenys\u00e9g v\u00e9gz\u00e9s\u00e9re, mely z\u00f6m\u00e9ben [&hellip;]<\/p>\n","protected":false},"author":1,"featured_media":0,"parent":877,"menu_order":0,"comment_status":"closed","ping_status":"closed","template":"","meta":{"footnotes":""},"class_list":["post-13612","page","type-page","status-publish","hentry"],"_links":{"self":[{"href":"https:\/\/www.gardonyimor.hu\/index.php?rest_route=\/wp\/v2\/pages\/13612","targetHints":{"allow":["GET"]}}],"collection":[{"href":"https:\/\/www.gardonyimor.hu\/index.php?rest_route=\/wp\/v2\/pages"}],"about":[{"href":"https:\/\/www.gardonyimor.hu\/index.php?rest_route=\/wp\/v2\/types\/page"}],"author":[{"embeddable":true,"href":"https:\/\/www.gardonyimor.hu\/index.php?rest_route=\/wp\/v2\/users\/1"}],"replies":[{"embeddable":true,"href":"https:\/\/www.gardonyimor.hu\/index.php?rest_route=%2Fwp%2Fv2%2Fcomments&post=13612"}],"version-history":[{"count":10,"href":"https:\/\/www.gardonyimor.hu\/index.php?rest_route=\/wp\/v2\/pages\/13612\/revisions"}],"predecessor-version":[{"id":25210,"href":"https:\/\/www.gardonyimor.hu\/index.php?rest_route=\/wp\/v2\/pages\/13612\/revisions\/25210"}],"up":[{"embeddable":true,"href":"https:\/\/www.gardonyimor.hu\/index.php?rest_route=\/wp\/v2\/pages\/877"}],"wp:attachment":[{"href":"https:\/\/www.gardonyimor.hu\/index.php?rest_route=%2Fwp%2Fv2%2Fmedia&parent=13612"}],"curies":[{"name":"wp","href":"https:\/\/api.w.org\/{rel}","templated":true}]}}