{"id":1587,"date":"2014-12-17T17:35:01","date_gmt":"2014-12-17T17:35:01","guid":{"rendered":"http:\/\/gardonyimor.hu\/?page_id=1587"},"modified":"2025-11-07T14:31:23","modified_gmt":"2025-11-07T14:31:23","slug":"orarencek-201415-tanev","status":"publish","type":"page","link":"https:\/\/www.gardonyimor.hu\/?page_id=1587","title":{"rendered":"\u00d3rarendek (2025\/26. tan\u00e9v)"},"content":{"rendered":"<p>Az al\u00e1bbi linken let\u00f6lthet\u0151ek PDF form\u00e1tumban az oszt\u00e1lyok \u00f3rarendjei a 2024\/25-\u00f6s tan\u00e9vre.<\/p>\n<p>Az \u00f3rarendeket megtal\u00e1lja a f\u00e1jlban k\u00fcl\u00f6n-k\u00fcl\u00f6n, egy-egy oldalon.<\/p>\n<p><a href=\"http:\/\/www.gardonyimor.hu\/wp-content\/uploads\/2023\/03\/S22C-6e23031614240-e1678970865142.jpg\">Hit- \u00e9s erk\u00f6lcstan tan\u00f3r\u00e1k felekezeti el\u00e9rhet\u0151s\u00e9gek<\/a><\/p>\n\n\n<div data-wp-interactive=\"core\/file\" class=\"wp-block-file\"><object data-wp-bind--hidden=\"!state.hasPdfPreview\" hidden class=\"wp-block-file__embed\" data=\"https:\/\/www.gardonyimor.hu\/wp-content\/uploads\/2025\/11\/S22C-6e25110714020.pdf\" type=\"application\/pdf\" style=\"width:100%;height:600px\" aria-label=\"\u00d3rarendek 2025\/2026 be\u00e1gyaz\u00e1sa\"><\/object><a id=\"wp-block-file--media-b04a4488-a094-4363-b555-44a5c9b9b9ed\" href=\"https:\/\/www.gardonyimor.hu\/wp-content\/uploads\/2025\/11\/S22C-6e25110714020.pdf\">\u00d3rarendek 2025\/2026<\/a><a href=\"https:\/\/www.gardonyimor.hu\/wp-content\/uploads\/2025\/11\/S22C-6e25110714020.pdf\" class=\"wp-block-file__button wp-element-button\" download aria-describedby=\"wp-block-file--media-b04a4488-a094-4363-b555-44a5c9b9b9ed\">Let\u00f6lt\u00e9s<\/a><\/div>\n","protected":false},"excerpt":{"rendered":"<p>Az al\u00e1bbi linken let\u00f6lthet\u0151ek PDF form\u00e1tumban az oszt\u00e1lyok \u00f3rarendjei a 2024\/25-\u00f6s tan\u00e9vre. Az \u00f3rarendeket megtal\u00e1lja a f\u00e1jlban k\u00fcl\u00f6n-k\u00fcl\u00f6n, egy-egy oldalon. Hit- \u00e9s erk\u00f6lcstan tan\u00f3r\u00e1k felekezeti el\u00e9rhet\u0151s\u00e9gek<\/p>\n","protected":false},"author":1,"featured_media":0,"parent":877,"menu_order":0,"comment_status":"closed","ping_status":"open","template":"","meta":{"footnotes":""},"class_list":["post-1587","page","type-page","status-publish","hentry"],"_links":{"self":[{"href":"https:\/\/www.gardonyimor.hu\/index.php?rest_route=\/wp\/v2\/pages\/1587","targetHints":{"allow":["GET"]}}],"collection":[{"href":"https:\/\/www.gardonyimor.hu\/index.php?rest_route=\/wp\/v2\/pages"}],"about":[{"href":"https:\/\/www.gardonyimor.hu\/index.php?rest_route=\/wp\/v2\/types\/page"}],"author":[{"embeddable":true,"href":"https:\/\/www.gardonyimor.hu\/index.php?rest_route=\/wp\/v2\/users\/1"}],"replies":[{"embeddable":true,"href":"https:\/\/www.gardonyimor.hu\/index.php?rest_route=%2Fwp%2Fv2%2Fcomments&post=1587"}],"version-history":[{"count":27,"href":"https:\/\/www.gardonyimor.hu\/index.php?rest_route=\/wp\/v2\/pages\/1587\/revisions"}],"predecessor-version":[{"id":25206,"href":"https:\/\/www.gardonyimor.hu\/index.php?rest_route=\/wp\/v2\/pages\/1587\/revisions\/25206"}],"up":[{"embeddable":true,"href":"https:\/\/www.gardonyimor.hu\/index.php?rest_route=\/wp\/v2\/pages\/877"}],"wp:attachment":[{"href":"https:\/\/www.gardonyimor.hu\/index.php?rest_route=%2Fwp%2Fv2%2Fmedia&parent=1587"}],"curies":[{"name":"wp","href":"https:\/\/api.w.org\/{rel}","templated":true}]}}