{"id":1638,"date":"2015-01-07T13:23:20","date_gmt":"2015-01-07T13:23:20","guid":{"rendered":"http:\/\/gardonyimor.hu\/?page_id=1638"},"modified":"2026-03-04T12:40:08","modified_gmt":"2026-03-04T12:40:08","slug":"allasajanlat","status":"publish","type":"page","link":"https:\/\/www.gardonyimor.hu\/?page_id=1638","title":{"rendered":"\u00c1ll\u00e1saj\u00e1nlatok"},"content":{"rendered":"\n<figure class=\"wp-block-image size-large\"><img loading=\"lazy\" decoding=\"async\" width=\"724\" height=\"1024\" src=\"https:\/\/www.gardonyimor.hu\/wp-content\/uploads\/2026\/03\/image-724x1024.png\" alt=\"\" class=\"wp-image-25705\" srcset=\"https:\/\/www.gardonyimor.hu\/wp-content\/uploads\/2026\/03\/image-724x1024.png 724w, https:\/\/www.gardonyimor.hu\/wp-content\/uploads\/2026\/03\/image-212x300.png 212w, https:\/\/www.gardonyimor.hu\/wp-content\/uploads\/2026\/03\/image-768x1086.png 768w, https:\/\/www.gardonyimor.hu\/wp-content\/uploads\/2026\/03\/image.png 955w\" sizes=\"auto, (max-width: 724px) 100vw, 724px\" \/><\/figure>\n\n\n\n<figure class=\"wp-block-image size-large\"><img loading=\"lazy\" decoding=\"async\" width=\"724\" height=\"1024\" src=\"https:\/\/www.gardonyimor.hu\/wp-content\/uploads\/2026\/03\/image-1-724x1024.png\" alt=\"\" class=\"wp-image-25706\" srcset=\"https:\/\/www.gardonyimor.hu\/wp-content\/uploads\/2026\/03\/image-1-724x1024.png 724w, https:\/\/www.gardonyimor.hu\/wp-content\/uploads\/2026\/03\/image-1-212x300.png 212w, https:\/\/www.gardonyimor.hu\/wp-content\/uploads\/2026\/03\/image-1-768x1086.png 768w, https:\/\/www.gardonyimor.hu\/wp-content\/uploads\/2026\/03\/image-1.png 955w\" sizes=\"auto, (max-width: 724px) 100vw, 724px\" \/><\/figure>\n\n\n\n<hr class=\"wp-block-separator has-css-opacity is-style-dots\"\/>\n\n\n\n<hr class=\"wp-block-separator has-css-opacity is-style-dots\"\/>\n\n\n\n<hr class=\"wp-block-separator has-css-opacity is-style-dots\"\/>\n\n\n\n<p><\/p>\n\n\n\n<hr class=\"wp-block-separator has-text-color has-css-opacity has-background is-style-dots\" style=\"background-color:#000000;color:#000000\"\/>\n\n\n\n<hr class=\"wp-block-separator has-text-color has-css-opacity has-background is-style-dots\" style=\"background-color:#000000;color:#000000\"\/>\n\n\n\n<hr class=\"wp-block-separator has-text-color has-css-opacity has-background is-style-dots\" style=\"background-color:#000000;color:#000000\"\/>\n","protected":false},"excerpt":{"rendered":"","protected":false},"author":1,"featured_media":0,"parent":0,"menu_order":0,"comment_status":"closed","ping_status":"open","template":"","meta":{"footnotes":""},"class_list":["post-1638","page","type-page","status-publish","hentry"],"_links":{"self":[{"href":"https:\/\/www.gardonyimor.hu\/index.php?rest_route=\/wp\/v2\/pages\/1638","targetHints":{"allow":["GET"]}}],"collection":[{"href":"https:\/\/www.gardonyimor.hu\/index.php?rest_route=\/wp\/v2\/pages"}],"about":[{"href":"https:\/\/www.gardonyimor.hu\/index.php?rest_route=\/wp\/v2\/types\/page"}],"author":[{"embeddable":true,"href":"https:\/\/www.gardonyimor.hu\/index.php?rest_route=\/wp\/v2\/users\/1"}],"replies":[{"embeddable":true,"href":"https:\/\/www.gardonyimor.hu\/index.php?rest_route=%2Fwp%2Fv2%2Fcomments&post=1638"}],"version-history":[{"count":103,"href":"https:\/\/www.gardonyimor.hu\/index.php?rest_route=\/wp\/v2\/pages\/1638\/revisions"}],"predecessor-version":[{"id":25707,"href":"https:\/\/www.gardonyimor.hu\/index.php?rest_route=\/wp\/v2\/pages\/1638\/revisions\/25707"}],"wp:attachment":[{"href":"https:\/\/www.gardonyimor.hu\/index.php?rest_route=%2Fwp%2Fv2%2Fmedia&parent=1638"}],"curies":[{"name":"wp","href":"https:\/\/api.w.org\/{rel}","templated":true}]}}