{"id":25041,"date":"2025-05-20T12:32:39","date_gmt":"2025-05-20T12:32:39","guid":{"rendered":"https:\/\/www.gardonyimor.hu\/?page_id=25041"},"modified":"2025-05-21T12:00:38","modified_gmt":"2025-05-21T12:00:38","slug":"tajekoztatas","status":"publish","type":"page","link":"https:\/\/www.gardonyimor.hu\/?page_id=25041","title":{"rendered":"T\u00e1j\u00e9koztat\u00e1s"},"content":{"rendered":"\n<p><strong>N\u00e9v: Nemzeti M\u00e9dia- \u00e9s H\u00edrk\u00f6zl\u00e9si Hat\u00f3s\u00e1g (NMHH) 2011 \u00f3ta m\u0171k\u00f6d\u0151 jogseg\u00e9lyszolg\u00e1lata<\/strong><\/p>\n\n\n\n<p><a href=\"https:\/\/nmhh.hu\/internethotline\/letoltesek\">https:\/\/nmhh.hu\/internethotline\/letoltesek<\/a><\/p>\n\n\n\n<hr class=\"wp-block-separator has-alpha-channel-opacity\"\/>\n\n\n\n<p><\/p>\n\n\n\n<a id=\"wp-block-file--media-98c94c9c-8e94-490b-b391-ed11a4b7dc8e\" href=\"https:\/\/www.gardonyimor.hu\/wp-content\/uploads\/2025\/05\/Adatkezelesi-tajekoztato-alt.isk_.pdf\">Adatkezel\u00e9si t\u00e1j\u00e9koztat\u00f3 \u00e1lt.isk<\/a>\n\n\n\n<p><\/p>\n","protected":false},"excerpt":{"rendered":"<p>N\u00e9v: Nemzeti M\u00e9dia- \u00e9s H\u00edrk\u00f6zl\u00e9si Hat\u00f3s\u00e1g (NMHH) 2011 \u00f3ta m\u0171k\u00f6d\u0151 jogseg\u00e9lyszolg\u00e1lata https:\/\/nmhh.hu\/internethotline\/letoltesek<\/p>\n","protected":false},"author":1,"featured_media":0,"parent":925,"menu_order":0,"comment_status":"closed","ping_status":"closed","template":"","meta":{"footnotes":""},"class_list":["post-25041","page","type-page","status-publish","hentry"],"_links":{"self":[{"href":"https:\/\/www.gardonyimor.hu\/index.php?rest_route=\/wp\/v2\/pages\/25041","targetHints":{"allow":["GET"]}}],"collection":[{"href":"https:\/\/www.gardonyimor.hu\/index.php?rest_route=\/wp\/v2\/pages"}],"about":[{"href":"https:\/\/www.gardonyimor.hu\/index.php?rest_route=\/wp\/v2\/types\/page"}],"author":[{"embeddable":true,"href":"https:\/\/www.gardonyimor.hu\/index.php?rest_route=\/wp\/v2\/users\/1"}],"replies":[{"embeddable":true,"href":"https:\/\/www.gardonyimor.hu\/index.php?rest_route=%2Fwp%2Fv2%2Fcomments&post=25041"}],"version-history":[{"count":4,"href":"https:\/\/www.gardonyimor.hu\/index.php?rest_route=\/wp\/v2\/pages\/25041\/revisions"}],"predecessor-version":[{"id":25052,"href":"https:\/\/www.gardonyimor.hu\/index.php?rest_route=\/wp\/v2\/pages\/25041\/revisions\/25052"}],"up":[{"embeddable":true,"href":"https:\/\/www.gardonyimor.hu\/index.php?rest_route=\/wp\/v2\/pages\/925"}],"wp:attachment":[{"href":"https:\/\/www.gardonyimor.hu\/index.php?rest_route=%2Fwp%2Fv2%2Fmedia&parent=25041"}],"curies":[{"name":"wp","href":"https:\/\/api.w.org\/{rel}","templated":true}]}}