{"id":862,"date":"2014-12-04T09:24:57","date_gmt":"2014-12-04T09:24:57","guid":{"rendered":"http:\/\/localhost\/?page_id=862"},"modified":"2024-05-10T12:23:42","modified_gmt":"2024-05-10T12:23:42","slug":"alapitvany","status":"publish","type":"page","link":"https:\/\/www.gardonyimor.hu\/?page_id=862","title":{"rendered":"Alap\u00edtv\u00e1ny"},"content":{"rendered":"<h2>G\u00e1rdonyi G\u00e9za \u00c1ltal\u00e1nos Iskola Tanul\u00f3i\u00e9rt Szoci\u00e1lis Alap\u00edtv\u00e1ny<\/h2>\n<p style=\"text-align: justify;\"><span style=\"text-decoration: underline;\"><strong>Alap\u00edtv\u00e1nyunk c\u00e9lja:<\/strong><\/span><\/p>\n<p style=\"text-align: justify;\">a G\u00e1rdonyi G\u00e9za \u00c1ltal\u00e1nos Iskola enyhe fokban fogyat\u00e9kos, h\u00e1tr\u00e1nyos helyzet\u0171, vagy vesz\u00e9lyeztetett tanul\u00f3inak anyagi \u00e9s term\u00e9szetbeni t\u00e1mogat\u00e1sa, mellyel b\u00e1rki hozz\u00e1j\u00e1rulhat tov\u00e1bbtanul\u00e1sukhoz, illetve az es\u00e9lyegyenl\u0151s\u00e9g biztos\u00edt\u00e1s\u00e1hoz.<\/p>\n<div class=\"col_1\">\n<p><span style=\"text-decoration: underline;\"><strong>Adatok:<\/strong><\/span><\/p>\n<table width=\"330\">\n<tbody>\n<tr>\n<td width=\"121\"><strong>Vezet\u0151:<\/strong><\/td>\n<td width=\"209\">Schmidt Franciska<\/td>\n<\/tr>\n<tr>\n<td><strong>C\u00edm:<\/strong><\/td>\n<td>8060 M\u00d3R, V\u00e9rtes u. 67.<\/td>\n<\/tr>\n<tr>\n<td><strong>Levelez\u00e9si c\u00edm:<\/strong><\/td>\n<td>8060 M\u00d3R, V\u00e9rtes u. 67.<\/td>\n<\/tr>\n<tr>\n<td><strong>Tel.:<\/strong><\/td>\n<td>22\/407-169<\/td>\n<\/tr>\n<tr>\n<td><strong>Fax:<\/strong><\/td>\n<td>22\/562-263<\/td>\n<\/tr>\n<tr>\n<td><strong>e-mail:<\/strong><\/td>\n<td>gardonyi.mor@gmail.com<\/td>\n<\/tr>\n<\/tbody>\n<\/table>\n<p>2014.09.01-i adatok alapj\u00e1n.<\/p>\n<p><span style=\"text-decoration: underline;\"><strong>Felaj\u00e1nl\u00e1s: Ad\u00f3 1%-a<\/strong><\/span><\/p>\n<p style=\"text-align: justify;\"><strong>Tisztelt Uram\/H\u00f6lgyem!<\/strong><br \/>\nAmennyiben nem tudja m\u00e9g, hogy az ad\u00f3ja 1%-\u00e1t kinek adja, de szeretn\u00e9, ha p\u00e9nz\u00e9t nemes c\u00e9lra haszn\u00e1ln\u00e1k, \u00fagy k\u00e9rj\u00fck, alap\u00edtv\u00e1nyunkon kereszt\u00fcl sz\u00edveskedjen azzal tanul\u00f3inkat megseg\u00edteni.<\/p>\n<p><span style=\"text-decoration: underline;\">A fentieken t\u00falmen\u0151en az alap\u00edtv\u00e1ny c\u00e9lja \u00e9s feladatai:<\/span><\/p>\n<p>&#8211; kir\u00e1ndul\u00e1sok, t\u00e1borok, sportrendezv\u00e9nyek, kultur\u00e1lis \u00e9s speci\u00e1lis programok szervez\u00e9se \u00e9s t\u00e1mogat\u00e1sa,<br \/>\n&#8211; az int\u00e9zm\u00e9ny t\u00e1rgyi felt\u00e9telinek jav\u00edt\u00e1sa.<\/p>\n<p><span style=\"text-decoration: underline;\"><strong>A felaj\u00e1nl\u00e1st az al\u00e1bbiak szerint tudja megtenni:<\/strong><\/span><\/p>\n<table width=\"662\">\n<tbody>\n<tr>\n<td width=\"184\">Kedvezm\u00e9nyezett neve:<\/td>\n<td width=\"478\">G\u00e1rdonyi G\u00e9za \u00c1ltal\u00e1nos Iskola Tanul\u00f3i\u00e9rt Szoci\u00e1lis Alap\u00edtv\u00e1ny<\/td>\n<\/tr>\n<tr>\n<td>Ad\u00f3sz\u00e1m:<\/td>\n<td>18489396-1-07<\/td>\n<\/tr>\n<tr>\n<td>Banksz\u00e1mlasz\u00e1m:<\/td>\n<td>11667007-06721000-67000003 (ERSTE)<\/td>\n<\/tr>\n<\/tbody>\n<\/table>\n<p>A felaj\u00e1nl\u00e1sokat k\u00f6sz\u00f6nettel fogadjuk!<\/p>\n<\/div>\n","protected":false},"excerpt":{"rendered":"<p>G\u00e1rdonyi G\u00e9za \u00c1ltal\u00e1nos Iskola Tanul\u00f3i\u00e9rt Szoci\u00e1lis Alap\u00edtv\u00e1ny Alap\u00edtv\u00e1nyunk c\u00e9lja: a G\u00e1rdonyi G\u00e9za \u00c1ltal\u00e1nos Iskola enyhe fokban fogyat\u00e9kos, h\u00e1tr\u00e1nyos helyzet\u0171, vagy vesz\u00e9lyeztetett tanul\u00f3inak anyagi \u00e9s term\u00e9szetbeni t\u00e1mogat\u00e1sa, mellyel b\u00e1rki hozz\u00e1j\u00e1rulhat tov\u00e1bbtanul\u00e1sukhoz, illetve az es\u00e9lyegyenl\u0151s\u00e9g biztos\u00edt\u00e1s\u00e1hoz. Adatok: Vezet\u0151: Schmidt Franciska C\u00edm: 8060 M\u00d3R, V\u00e9rtes u. 67. Levelez\u00e9si c\u00edm: 8060 M\u00d3R, V\u00e9rtes u. 67. Tel.: 22\/407-169 Fax: 22\/562-263 [&hellip;]<\/p>\n","protected":false},"author":1,"featured_media":0,"parent":877,"menu_order":0,"comment_status":"closed","ping_status":"open","template":"","meta":{"footnotes":""},"class_list":["post-862","page","type-page","status-publish","hentry"],"_links":{"self":[{"href":"https:\/\/www.gardonyimor.hu\/index.php?rest_route=\/wp\/v2\/pages\/862","targetHints":{"allow":["GET"]}}],"collection":[{"href":"https:\/\/www.gardonyimor.hu\/index.php?rest_route=\/wp\/v2\/pages"}],"about":[{"href":"https:\/\/www.gardonyimor.hu\/index.php?rest_route=\/wp\/v2\/types\/page"}],"author":[{"embeddable":true,"href":"https:\/\/www.gardonyimor.hu\/index.php?rest_route=\/wp\/v2\/users\/1"}],"replies":[{"embeddable":true,"href":"https:\/\/www.gardonyimor.hu\/index.php?rest_route=%2Fwp%2Fv2%2Fcomments&post=862"}],"version-history":[{"count":10,"href":"https:\/\/www.gardonyimor.hu\/index.php?rest_route=\/wp\/v2\/pages\/862\/revisions"}],"predecessor-version":[{"id":23119,"href":"https:\/\/www.gardonyimor.hu\/index.php?rest_route=\/wp\/v2\/pages\/862\/revisions\/23119"}],"up":[{"embeddable":true,"href":"https:\/\/www.gardonyimor.hu\/index.php?rest_route=\/wp\/v2\/pages\/877"}],"wp:attachment":[{"href":"https:\/\/www.gardonyimor.hu\/index.php?rest_route=%2Fwp%2Fv2%2Fmedia&parent=862"}],"curies":[{"name":"wp","href":"https:\/\/api.w.org\/{rel}","templated":true}]}}