{"id":877,"date":"2014-12-04T09:50:08","date_gmt":"2014-12-04T09:50:08","guid":{"rendered":"http:\/\/localhost\/?page_id=877"},"modified":"2023-04-25T08:40:10","modified_gmt":"2023-04-25T08:40:10","slug":"iskolai-elet","status":"publish","type":"page","link":"https:\/\/www.gardonyimor.hu\/?page_id=877","title":{"rendered":"Iskolai \u00e9let"},"content":{"rendered":"<p>&nbsp;<\/p>\n<p>&#8211; Szakk\u00e9pz\u00e9s<\/p>\n<p>&#8211; szakk\u00f6r\u00f6k<\/p>\n<p>&#8211; di\u00e1kigazolv\u00e1ny<\/p>\n<p>&#8211; T\u00c1RS&nbsp;program<\/p>\n<p>&#8211; tan\u00e9v rendje<\/p>\n<p>&#8211; \u00f3rarendek<\/p>\n<p>&nbsp;<\/p>\n<p><strong>A tartalmakat a leg\u00f6rd\u00fcl\u0151 men\u00fcben l\u00e1thatod.<\/strong><\/p>\n","protected":false},"excerpt":{"rendered":"<p>&nbsp; &#8211; Szakk\u00e9pz\u00e9s &#8211; szakk\u00f6r\u00f6k &#8211; di\u00e1kigazolv\u00e1ny &#8211; T\u00c1RS&nbsp;program &#8211; tan\u00e9v rendje &#8211; \u00f3rarendek &nbsp; A tartalmakat a leg\u00f6rd\u00fcl\u0151 men\u00fcben l\u00e1thatod.<\/p>\n","protected":false},"author":1,"featured_media":0,"parent":0,"menu_order":0,"comment_status":"closed","ping_status":"open","template":"","meta":{"footnotes":""},"class_list":["post-877","page","type-page","status-publish","hentry"],"_links":{"self":[{"href":"https:\/\/www.gardonyimor.hu\/index.php?rest_route=\/wp\/v2\/pages\/877","targetHints":{"allow":["GET"]}}],"collection":[{"href":"https:\/\/www.gardonyimor.hu\/index.php?rest_route=\/wp\/v2\/pages"}],"about":[{"href":"https:\/\/www.gardonyimor.hu\/index.php?rest_route=\/wp\/v2\/types\/page"}],"author":[{"embeddable":true,"href":"https:\/\/www.gardonyimor.hu\/index.php?rest_route=\/wp\/v2\/users\/1"}],"replies":[{"embeddable":true,"href":"https:\/\/www.gardonyimor.hu\/index.php?rest_route=%2Fwp%2Fv2%2Fcomments&post=877"}],"version-history":[{"count":3,"href":"https:\/\/www.gardonyimor.hu\/index.php?rest_route=\/wp\/v2\/pages\/877\/revisions"}],"predecessor-version":[{"id":16337,"href":"https:\/\/www.gardonyimor.hu\/index.php?rest_route=\/wp\/v2\/pages\/877\/revisions\/16337"}],"wp:attachment":[{"href":"https:\/\/www.gardonyimor.hu\/index.php?rest_route=%2Fwp%2Fv2%2Fmedia&parent=877"}],"curies":[{"name":"wp","href":"https:\/\/api.w.org\/{rel}","templated":true}]}}