{"id":905,"date":"2014-12-04T10:56:36","date_gmt":"2014-12-04T10:56:36","guid":{"rendered":"http:\/\/localhost\/?page_id=905"},"modified":"2024-02-12T14:27:13","modified_gmt":"2024-02-12T14:27:13","slug":"diakigazolvany","status":"publish","type":"page","link":"https:\/\/www.gardonyimor.hu\/?page_id=905","title":{"rendered":"Di\u00e1kigazolv\u00e1ny"},"content":{"rendered":"<p>A di\u00e1kigazolv\u00e1ny<strong> d\u00edjmentes<\/strong>, \u00e9s minden olyan tanul\u00f3 ig\u00e9nyelheti, aki <strong>akt\u00edv jogviszonnyal<\/strong> rendelkezik magyarorsz\u00e1gi k\u00f6znevel\u00e9si int\u00e9zm\u00e9nyben. Az ig\u00e9nyl\u00e9s beny\u00fajt\u00e1sa el\u0151tt sz\u00fcks\u00e9g van a tanul\u00f3 f\u00e9nyk\u00e9p\u00e9nek \u00e9s al\u00e1\u00edr\u00e1sk\u00e9p\u00e9nek r\u00f6gz\u00edt\u00e9s\u00e9re, amely b\u00e1rmelyik okm\u00e1nyirod\u00e1ban kezdem\u00e9nyezhet\u0151. A di\u00e1kigazolv\u00e1ny-ig\u00e9nyl\u00e9st az okm\u00e1nyirod\u00e1ban kapott NEK adatlap (Nemzeti Egys\u00e9ges K\u00e1rtyarendszer adatlap) birtok\u00e1ban kell kezdem\u00e9nyezni az int\u00e9zm\u00e9nyi \u00fcgyint\u00e9z\u0151n\u00e9l, aki az elektronikus rendszerben tov\u00e1bb\u00edtja az ig\u00e9nyl\u00e9st.<br \/>\nA di\u00e1kigazolv\u00e1ny csak az okm\u00e1nyirod\u00e1ban egyeztetett \u00e9s a NEK adatlapon szerepl\u0151 szem\u00e9lyes adatok alapj\u00e1n gy\u00e1rthat\u00f3 le. Amennyiben az ig\u00e9nyl\u00e9s adatai elt\u00e9rnek a NEK adatlapon szerepl\u0151 adatokt\u00f3l, a gy\u00e1rt\u00f3 az ig\u00e9nyl\u00e9st visszautas\u00edtja. Az adatok jav\u00edt\u00e1s\u00e1t az int\u00e9zm\u00e9nyi \u00fcgyint\u00e9z\u0151 sz\u00fcks\u00e9g eset\u00e9n a jogosult k\u00f6zrem\u0171k\u00f6d\u00e9s\u00e9vel v\u00e9gzi el.<br \/>\nA di\u00e1kigazolv\u00e1ny elk\u00e9sz\u00fclt\u00e9ig az oktat\u00e1si int\u00e9zm\u00e9ny \u00fcgyint\u00e9z\u0151je a tanul\u00f3 k\u00e9relm\u00e9re igazol\u00e1st \u00e1ll\u00edt ki, amellyel a di\u00e1kigazolv\u00e1nyhoz tartoz\u00f3 kedvezm\u00e9nyek (kiv\u00e9ve az EYCA log\u00f3 ny\u00fajtotta kedvezm\u00e9nyek) ig\u00e9nybe vehet\u0151k. Az elk\u00e9sz\u00fclt di\u00e1kigazolv\u00e1nyt a gy\u00e1rt\u00f3 az oktat\u00e1si int\u00e9zm\u00e9nybe post\u00e1zza ki.<br \/>\nAmennyiben a tanul\u00f3 tan\u00e9vkezd\u00e9st megel\u0151z\u0151en bet\u00f6lt\u00f6tte 16. \u00e9let\u00e9v\u00e9t csak az aktu\u00e1lis tan\u00e9vre vonatkoz\u00f3 \u00e9rv\u00e9nyes\u00edt\u0151 matric\u00e1val ell\u00e1tott di\u00e1kigazolv\u00e1nnyal veheti ig\u00e9nybe a kedvezm\u00e9nyeket. A di\u00e1kigazolv\u00e1ny \u00e9rv\u00e9nyes\u00edt\u00e9s\u00e9r\u0151l az oktat\u00e1si int\u00e9zm\u00e9ny \u00fcgyint\u00e9z\u0151j\u00e9n\u00e9l lehet \u00e9rdekl\u0151dni.<\/p>\n<p>A NEK regisztr\u00e1ci\u00f3val kapcsolatos \u00faj szolg\u00e1ltat\u00e1s a <a href=\"http:\/\/www.magyarorszag.hu\">www.magyarorszag.hu<\/a> oldalon az Okm\u00e1nyok\/Oktat\u00e1si igazolv\u00e1nyok\/Nemzeti Egys\u00e9ges K\u00e1rtyarendszer regisztr\u00e1ci\u00f3 men\u00fcpontban az \u00dcgyint\u00e9z\u00e9s ind\u00edt\u00e1sa gombra kattintva \u00e9rhet\u0151 el.<\/p>\n<p>A szolg\u00e1ltat\u00e1st az <strong>\u00fcgyf\u00e9lkapuval rendelkez\u0151, 14. \u00e9let\u00e9v\u00fcket bet\u00f6lt\u00f6tt tanul\u00f3k haszn\u00e1lhatj\u00e1k,<\/strong> akik szerepelnek a szem\u00e9lyiadat- \u00e9s lakc\u00edmnyilv\u00e1ntart\u00e1sban, valamint a k\u00f6zhiteles nyilv\u00e1ntart\u00e1sban <strong>1 \u00e9vn\u00e9l nem r\u00e9gebbi arc- \u00e9s al\u00e1\u00edr\u00e1sk\u00e9p \u00e1ll r\u00f3luk rendelkez\u00e9sre<\/strong> (az ut\u00f3bbi egy \u00e9vben k\u00e9sz\u00edtettek r\u00f3la f\u00e9nyk\u00e9pet a korm\u00e1nyablakban).<\/p>\n<p>A NEK regisztr\u00e1ci\u00f3 az elektronikus \u00faton beny\u00fajtott k\u00e9relem sikeres befogad\u00e1sa ut\u00e1n azonnal megt\u00f6rt\u00e9nik, a NEK adatlap az \u00fcgyf\u00e9lkapu t\u00e1rhelyre ker\u00fcl megk\u00fcld\u00e9sre. Ezen NEK adatlapok nem tartalmaznak f\u00e9nyk\u00e9pet, \u00e9s a NEK azonos\u00edt\u00f3 szerkezete minden esetben az al\u00e1bbi: yyyyyyWEBxxxxxxx, melyb\u0151l a NEK azonos\u00edt\u00f3 elej\u00e9n a d\u00e1tum tal\u00e1lhat\u00f3 6 karakteren, majd a WEB sz\u00f3 jelzi, hogy a NEK adatlap nem a korm\u00e1nyablakban ker\u00fclt ki\u00e1ll\u00edt\u00e1sra, a v\u00e9g\u00e9n pedig a sorsz\u00e1m tal\u00e1lhat\u00f3. A NEK adatlap k\u00e9pe level\u00fcnk m\u00e1sodik oldal\u00e1n l\u00e1that\u00f3.<\/p>\n","protected":false},"excerpt":{"rendered":"<p>A di\u00e1kigazolv\u00e1ny d\u00edjmentes, \u00e9s minden olyan tanul\u00f3 ig\u00e9nyelheti, aki akt\u00edv jogviszonnyal rendelkezik magyarorsz\u00e1gi k\u00f6znevel\u00e9si int\u00e9zm\u00e9nyben. Az ig\u00e9nyl\u00e9s beny\u00fajt\u00e1sa el\u0151tt sz\u00fcks\u00e9g van a tanul\u00f3 f\u00e9nyk\u00e9p\u00e9nek \u00e9s al\u00e1\u00edr\u00e1sk\u00e9p\u00e9nek r\u00f6gz\u00edt\u00e9s\u00e9re, amely b\u00e1rmelyik okm\u00e1nyirod\u00e1ban kezdem\u00e9nyezhet\u0151. A di\u00e1kigazolv\u00e1ny-ig\u00e9nyl\u00e9st az okm\u00e1nyirod\u00e1ban kapott NEK adatlap (Nemzeti Egys\u00e9ges K\u00e1rtyarendszer adatlap) birtok\u00e1ban kell kezdem\u00e9nyezni az int\u00e9zm\u00e9nyi \u00fcgyint\u00e9z\u0151n\u00e9l, aki az elektronikus rendszerben tov\u00e1bb\u00edtja az ig\u00e9nyl\u00e9st. [&hellip;]<\/p>\n","protected":false},"author":1,"featured_media":0,"parent":877,"menu_order":0,"comment_status":"closed","ping_status":"open","template":"","meta":{"footnotes":""},"class_list":["post-905","page","type-page","status-publish","hentry"],"_links":{"self":[{"href":"https:\/\/www.gardonyimor.hu\/index.php?rest_route=\/wp\/v2\/pages\/905","targetHints":{"allow":["GET"]}}],"collection":[{"href":"https:\/\/www.gardonyimor.hu\/index.php?rest_route=\/wp\/v2\/pages"}],"about":[{"href":"https:\/\/www.gardonyimor.hu\/index.php?rest_route=\/wp\/v2\/types\/page"}],"author":[{"embeddable":true,"href":"https:\/\/www.gardonyimor.hu\/index.php?rest_route=\/wp\/v2\/users\/1"}],"replies":[{"embeddable":true,"href":"https:\/\/www.gardonyimor.hu\/index.php?rest_route=%2Fwp%2Fv2%2Fcomments&post=905"}],"version-history":[{"count":4,"href":"https:\/\/www.gardonyimor.hu\/index.php?rest_route=\/wp\/v2\/pages\/905\/revisions"}],"predecessor-version":[{"id":22821,"href":"https:\/\/www.gardonyimor.hu\/index.php?rest_route=\/wp\/v2\/pages\/905\/revisions\/22821"}],"up":[{"embeddable":true,"href":"https:\/\/www.gardonyimor.hu\/index.php?rest_route=\/wp\/v2\/pages\/877"}],"wp:attachment":[{"href":"https:\/\/www.gardonyimor.hu\/index.php?rest_route=%2Fwp%2Fv2%2Fmedia&parent=905"}],"curies":[{"name":"wp","href":"https:\/\/api.w.org\/{rel}","templated":true}]}}