{"id":912,"date":"2014-12-04T11:37:07","date_gmt":"2014-12-04T11:37:07","guid":{"rendered":"http:\/\/localhost\/?page_id=912"},"modified":"2025-11-20T15:36:24","modified_gmt":"2025-11-20T15:36:24","slug":"alapdokumentumok","status":"publish","type":"page","link":"https:\/\/www.gardonyimor.hu\/?page_id=912","title":{"rendered":"Alapdokumentumok"},"content":{"rendered":"<ul>\n<li>SZMSZ: <a href=\"https:\/\/www.gardonyimor.hu\/wp-content\/uploads\/2025\/11\/SZMSZ-honlapra.pdf\">Let\u00f6lt\u00e9s<\/a><\/li>\n<li>Munkaterv :<a href=\"http:\/\/www.gardonyimor.hu\/wp-content\/uploads\/doc\/M\u00f3ri EGYMI - munkaterv2022.pdf\" data-wplink-url-error=\"true\">Let\u00f6lt\u00e9s<\/a><\/li>\n<li>Pedag\u00f3giai Program:<a href=\"https:\/\/www.gardonyimor.hu\/wp-content\/uploads\/2025\/11\/Mori-EGYMI-Gardonyi-PP_2025.09.01.pdf\"> Let\u00f6lt\u00e9s<\/a><\/li>\n<li>H\u00e1zirend: <a href=\"https:\/\/www.gardonyimor.hu\/wp-content\/uploads\/2025\/11\/Hazirend-2025.09.01.pdf\">Let\u00f6lt\u00e9s<\/a><\/li>\n<li>K\u00fcl\u00f6n\u00f6s K\u00f6zz\u00e9t\u00e9teli Lista: <a href=\"https:\/\/www.gardonyimor.hu\/wp-content\/uploads\/2025\/11\/Kulonos-kozzeteteli-lista-2025-26.-honlapra.pdf\">Let\u00f6lt\u00e9s<\/a><\/li>\n<li>J\u00e1rv\u00e1ny\u00fcgyi elj\u00e1r\u00e1s: <a href=\"http:\/\/www.gardonyimor.hu\/wp-content\/uploads\/doc\/jarvanyugyi-eljarasrend2020.pdf\">Let\u00f6lt\u00e9s<\/a><\/li>\n<li>Elj\u00e1r\u00e1srend: <a href=\"http:\/\/www.gardonyimor.hu\/wp-content\/uploads\/2020\/09\/Elj\u00e1r\u00e1srend.pdf\">Let\u00f6lt\u00e9s<\/a><\/li>\n<li>Szakmai alapdokumentum: <a href=\"https:\/\/www.gardonyimor.hu\/wp-content\/uploads\/2025\/10\/Szakmai-alapdokumentum.pdf\">Let\u00f6lt\u00e9s<\/a><\/li>\n<li>Diab\u00e9teszes tanul\u00f3k speci\u00e1lis ell\u00e1t\u00e1si elj\u00e1r\u00e1srendje: <a href=\"https:\/\/www.gardonyimor.hu\/wp-content\/uploads\/2025\/09\/S22C-6e25090315060.pdf\">Let\u00f6lt\u00e9s<\/a><\/li>\n<\/ul>\n<p><a href=\"http:\/\/gardonyimor.hu\/wp-content\/uploads\/pdf-pointing.png\"><img loading=\"lazy\" decoding=\"async\" class=\"alignright wp-image-1523 size-full\" src=\"http:\/\/gardonyimor.hu\/wp-content\/uploads\/pdf-pointing.png\" alt=\"\" width=\"522\" height=\"259\" srcset=\"https:\/\/www.gardonyimor.hu\/wp-content\/uploads\/pdf-pointing.png 522w, https:\/\/www.gardonyimor.hu\/wp-content\/uploads\/pdf-pointing-300x148.png 300w\" sizes=\"auto, (max-width: 522px) 100vw, 522px\" \/><\/a><\/p>\n","protected":false},"excerpt":{"rendered":"<p>SZMSZ: Let\u00f6lt\u00e9s Munkaterv :Let\u00f6lt\u00e9s Pedag\u00f3giai Program: Let\u00f6lt\u00e9s H\u00e1zirend: Let\u00f6lt\u00e9s K\u00fcl\u00f6n\u00f6s K\u00f6zz\u00e9t\u00e9teli Lista: Let\u00f6lt\u00e9s J\u00e1rv\u00e1ny\u00fcgyi elj\u00e1r\u00e1s: Let\u00f6lt\u00e9s Elj\u00e1r\u00e1srend: Let\u00f6lt\u00e9s Szakmai alapdokumentum: Let\u00f6lt\u00e9s Diab\u00e9teszes tanul\u00f3k speci\u00e1lis ell\u00e1t\u00e1si elj\u00e1r\u00e1srendje: Let\u00f6lt\u00e9s<\/p>\n","protected":false},"author":1,"featured_media":0,"parent":877,"menu_order":0,"comment_status":"closed","ping_status":"open","template":"","meta":{"footnotes":""},"class_list":["post-912","page","type-page","status-publish","hentry"],"_links":{"self":[{"href":"https:\/\/www.gardonyimor.hu\/index.php?rest_route=\/wp\/v2\/pages\/912","targetHints":{"allow":["GET"]}}],"collection":[{"href":"https:\/\/www.gardonyimor.hu\/index.php?rest_route=\/wp\/v2\/pages"}],"about":[{"href":"https:\/\/www.gardonyimor.hu\/index.php?rest_route=\/wp\/v2\/types\/page"}],"author":[{"embeddable":true,"href":"https:\/\/www.gardonyimor.hu\/index.php?rest_route=\/wp\/v2\/users\/1"}],"replies":[{"embeddable":true,"href":"https:\/\/www.gardonyimor.hu\/index.php?rest_route=%2Fwp%2Fv2%2Fcomments&post=912"}],"version-history":[{"count":70,"href":"https:\/\/www.gardonyimor.hu\/index.php?rest_route=\/wp\/v2\/pages\/912\/revisions"}],"predecessor-version":[{"id":25232,"href":"https:\/\/www.gardonyimor.hu\/index.php?rest_route=\/wp\/v2\/pages\/912\/revisions\/25232"}],"up":[{"embeddable":true,"href":"https:\/\/www.gardonyimor.hu\/index.php?rest_route=\/wp\/v2\/pages\/877"}],"wp:attachment":[{"href":"https:\/\/www.gardonyimor.hu\/index.php?rest_route=%2Fwp%2Fv2%2Fmedia&parent=912"}],"curies":[{"name":"wp","href":"https:\/\/api.w.org\/{rel}","templated":true}]}}