{"id":925,"date":"2014-12-04T11:49:43","date_gmt":"2014-12-04T11:49:43","guid":{"rendered":"http:\/\/localhost\/?page_id=925"},"modified":"2025-11-07T14:41:13","modified_gmt":"2025-11-07T14:41:13","slug":"elerhetosegek","status":"publish","type":"page","link":"https:\/\/www.gardonyimor.hu\/?page_id=925","title":{"rendered":"El\u00e9rhet\u0151s\u00e9gek"},"content":{"rendered":"<table width=\"672\">\n<tbody>\n<tr>\n<td width=\"168\"><strong>\u00c1LTAL\u00c1NOS<\/strong><\/td>\n<td width=\"168\"><strong>F\u0150IGAZGAT\u00d3<\/strong><\/td>\n<td width=\"168\"><strong>F\u0150IG. HELYETTES<\/strong><\/td>\n<td width=\"168\"><strong>ISKOLATITK\u00c1R<\/strong><\/td>\n<\/tr>\n<tr>\n<td width=\"168\">8060 M\u00f3r, V\u00e9rtes u. 67.<\/td>\n<td width=\"168\">Sur\u00e1nyi G\u00e1born\u00e9<\/td>\n<td width=\"168\">Balla \u00c1gnes<\/td>\n<td width=\"168\">Nagy Erika<\/td>\n<\/tr>\n<tr>\n<td width=\"168\">Telefon: 06\/22\/407-169<\/td>\n<td width=\"168\">\n<div dir=\"ltr\">\n<div>\n<div>\n<div>06-30-313-58-75<\/div>\n<\/div>\n<\/div>\n<\/div>\n<\/td>\n<td width=\"168\"><\/td>\n<td width=\"168\">06\/20\/925-5633<\/td>\n<\/tr>\n<tr>\n<td width=\"168\">Fax: 06\/22\/562-263<\/td>\n<\/tr>\n<tr>\n<td width=\"250\">e-mail: <a href=\"mailto:gardonyi.mor@gmail.com\" target=\"_blank\" rel=\"noopener noreferrer\">gardonyi.mor@gmail.com<\/a><\/td>\n<td width=\"168\"><\/td>\n<td width=\"168\"><\/td>\n<td width=\"168\"><\/td>\n<\/tr>\n<tr>\n<td colspan=\"4\">E-napl\u00f3:\u00a0<a href=\"https:\/\/klik038490001.e-kreta.hu\/Adminisztracio\/Login\" target=\"_blank\" rel=\"noopener noreferrer\">https:\/\/klik038490001.e-kreta.hu\/Adminisztracio\/Login<\/a><\/td>\n<\/tr>\n<tr>\n<td colspan=\"4\">E-\u00fcgyint\u00e9z\u00e9s:\u00a0<a href=\"https:\/\/eugyintezes.e-kreta.hu\/kerelmek\" target=\"_blank\" rel=\"noopener noreferrer\">https:\/\/eugyintezes.e-kreta.hu\/kerelmekn<\/a><\/td>\n<\/tr>\n<tr>\n<td colspan=\"4\">Int\u00e9zm\u00e9ny\u00fcnk minden tan\u00edt\u00e1si napon 7-18 \u00f3ra k\u00f6z\u00f6tt tart nyitva.<\/td>\n<\/tr>\n<\/tbody>\n<\/table>\n<div><\/div>\n<div>\n<table width=\"100%\">\n<tbody>\n<tr>\n<td><strong>ISKOLAORVOS<\/strong><\/td>\n<td><strong>V\u00c9D\u0150N\u0150<\/strong><\/td>\n<td><strong>GYERMEKJOG<\/strong><\/td>\n<td><strong>ISKOLAI SZOCI\u00c1LIS SEG\u00cdT\u0150<\/strong><\/td>\n<\/tr>\n<tr>\n<td>Parajdin\u00e9 Dr. Czetli Orsolya<\/td>\n<td>Komj\u00e1tin\u00e9, Kas Henrietta<\/td>\n<td>dr. Zabolai T\u00edmea<\/td>\n<td>Szab\u00f3-Tak\u00e1cs M\u00f3nika<\/td>\n<\/tr>\n<tr>\n<td>06\/22\/405-306<\/td>\n<td>06\/22\/405-306<\/td>\n<td>06\/20\/4899-565<\/td>\n<td><\/td>\n<\/tr>\n<tr>\n<td><\/td>\n<td><\/td>\n<td>timea.zabolai@ijb.emmi.gov.hu<\/td>\n<td><\/td>\n<\/tr>\n<\/tbody>\n<\/table>\n<\/div>\n<div><\/div>\n<div>Iskolapszichol\u00f3gus: Bajai Di\u00e1na<\/p>\n<p>Fenntart\u00f3: Sz\u00e9kesfeh\u00e9rv\u00e1ri Tanker\u00fcleti K\u00f6zpont<\/p><\/div>\n<div>Tanker\u00fcleti igazgat\u00f3: T\u00f6r\u00f6k Szabolcs<\/div>\n<div>8000 Sz\u00e9kesfeh\u00e9rv\u00e1r, Pet\u0151fi S. u. 5.<\/div>\n<div>Tel.: 22\/795-241<\/div>\n<div>Email c\u00edm:\u00a0<a href=\"mailto:szekesfehervar@kk.gov.hu\">szekesfehervar@kk.gov.hu<\/a><\/div>\n<div><\/div>\n","protected":false},"excerpt":{"rendered":"<p>\u00c1LTAL\u00c1NOS F\u0150IGAZGAT\u00d3 F\u0150IG. HELYETTES ISKOLATITK\u00c1R 8060 M\u00f3r, V\u00e9rtes u. 67. Sur\u00e1nyi G\u00e1born\u00e9 Balla \u00c1gnes Nagy Erika Telefon: 06\/22\/407-169 06-30-313-58-75 06\/20\/925-5633 Fax: 06\/22\/562-263 e-mail: gardonyi.mor@gmail.com E-napl\u00f3:\u00a0https:\/\/klik038490001.e-kreta.hu\/Adminisztracio\/Login E-\u00fcgyint\u00e9z\u00e9s:\u00a0https:\/\/eugyintezes.e-kreta.hu\/kerelmekn Int\u00e9zm\u00e9ny\u00fcnk minden tan\u00edt\u00e1si napon 7-18 \u00f3ra k\u00f6z\u00f6tt tart nyitva. ISKOLAORVOS V\u00c9D\u0150N\u0150 GYERMEKJOG ISKOLAI SZOCI\u00c1LIS SEG\u00cdT\u0150 Parajdin\u00e9 Dr. Czetli Orsolya Komj\u00e1tin\u00e9, Kas Henrietta dr. Zabolai T\u00edmea Szab\u00f3-Tak\u00e1cs M\u00f3nika 06\/22\/405-306 06\/22\/405-306 [&hellip;]<\/p>\n","protected":false},"author":1,"featured_media":0,"parent":0,"menu_order":0,"comment_status":"closed","ping_status":"open","template":"","meta":{"footnotes":""},"class_list":["post-925","page","type-page","status-publish","hentry"],"_links":{"self":[{"href":"https:\/\/www.gardonyimor.hu\/index.php?rest_route=\/wp\/v2\/pages\/925","targetHints":{"allow":["GET"]}}],"collection":[{"href":"https:\/\/www.gardonyimor.hu\/index.php?rest_route=\/wp\/v2\/pages"}],"about":[{"href":"https:\/\/www.gardonyimor.hu\/index.php?rest_route=\/wp\/v2\/types\/page"}],"author":[{"embeddable":true,"href":"https:\/\/www.gardonyimor.hu\/index.php?rest_route=\/wp\/v2\/users\/1"}],"replies":[{"embeddable":true,"href":"https:\/\/www.gardonyimor.hu\/index.php?rest_route=%2Fwp%2Fv2%2Fcomments&post=925"}],"version-history":[{"count":54,"href":"https:\/\/www.gardonyimor.hu\/index.php?rest_route=\/wp\/v2\/pages\/925\/revisions"}],"predecessor-version":[{"id":25212,"href":"https:\/\/www.gardonyimor.hu\/index.php?rest_route=\/wp\/v2\/pages\/925\/revisions\/25212"}],"wp:attachment":[{"href":"https:\/\/www.gardonyimor.hu\/index.php?rest_route=%2Fwp%2Fv2%2Fmedia&parent=925"}],"curies":[{"name":"wp","href":"https:\/\/api.w.org\/{rel}","templated":true}]}}