{"id":9842,"date":"2017-09-27T13:09:27","date_gmt":"2017-09-27T13:09:27","guid":{"rendered":"http:\/\/www.gardonyimor.hu\/?page_id=9842"},"modified":"2022-05-11T13:03:44","modified_gmt":"2022-05-11T13:03:44","slug":"gyermek-es-ifjusagvedelem","status":"publish","type":"page","link":"https:\/\/www.gardonyimor.hu\/?page_id=9842","title":{"rendered":"Gyermek- \u00e9s ifj\u00fas\u00e1gv\u00e9delem"},"content":{"rendered":"<p>Ter\u00fcletileg illet\u00e9kes gyermekjogi k\u00e9pvisel\u0151:<br \/><strong>dr. Zabolai T\u00edmea<\/strong><br \/>+36-20\/4899-565<br \/><a href=\"mailto:timea.zabolai@ijb.emmi.gov.hu\">timea.zabolai@ijb.emmi.gov.hu<\/a><\/p>\n<p><a href=\"http:\/\/www.gardonyimor.hu\/wp-content\/uploads\/2017\/09\/36569_2017_KOZNEVTART_melleklet_Gyvt.pdf\">A magyar gyermekv\u00e9delmi rendszer m\u0171k\u00f6d\u00e9se az online k\u00f6rnyezetben t\u00f6rt\u00e9n\u0151 gyermekvesz\u00e9lyeztet\u00e9s t\u00fckr\u00e9ben<\/a><\/p>\n<p>\u00a0<\/p>\n\n\n<div class=\"wp-block-button\"><a class=\"wp-block-button__link\" href=\"http:\/\/gardonyimor.hu\/wp-content\/uploads\/doc\/gyermek-es-ifjusagvedelmi-beszamolo-2019,2020--i--f-ev.pdf\">Gyermek \u00e9s ifj\u00fas\u00e1gv\u00e9delmi BESZ\u00c1MOL\u00d3<br> 2019\/2020. I. f\u00e9l\u00e9v <\/a><\/div>\n\n\n\n<hr class=\"wp-block-separator\"\/>\n\n\n\n<div class=\"wp-block-button\"><a class=\"wp-block-button__link\" href=\"http:\/\/gardonyimor.hu\/wp-content\/uploads\/doc\/gyermek-es-ifjusagvedelem-1.pdf\">Gyermek \u00e9s ifj\u00fas\u00e1gv\u00e9delmi BESZ\u00c1MOL\u00d3<br> 2019\/2020. TAN\u00c9V<\/a><\/div>\n","protected":false},"excerpt":{"rendered":"<p>Ter\u00fcletileg illet\u00e9kes gyermekjogi k\u00e9pvisel\u0151:dr. Zabolai T\u00edmea+36-20\/4899-565timea.zabolai@ijb.emmi.gov.hu A magyar gyermekv\u00e9delmi rendszer m\u0171k\u00f6d\u00e9se az online k\u00f6rnyezetben t\u00f6rt\u00e9n\u0151 gyermekvesz\u00e9lyeztet\u00e9s t\u00fckr\u00e9ben \u00a0<\/p>\n","protected":false},"author":1,"featured_media":0,"parent":877,"menu_order":0,"comment_status":"closed","ping_status":"closed","template":"","meta":{"footnotes":""},"class_list":["post-9842","page","type-page","status-publish","hentry"],"_links":{"self":[{"href":"https:\/\/www.gardonyimor.hu\/index.php?rest_route=\/wp\/v2\/pages\/9842","targetHints":{"allow":["GET"]}}],"collection":[{"href":"https:\/\/www.gardonyimor.hu\/index.php?rest_route=\/wp\/v2\/pages"}],"about":[{"href":"https:\/\/www.gardonyimor.hu\/index.php?rest_route=\/wp\/v2\/types\/page"}],"author":[{"embeddable":true,"href":"https:\/\/www.gardonyimor.hu\/index.php?rest_route=\/wp\/v2\/users\/1"}],"replies":[{"embeddable":true,"href":"https:\/\/www.gardonyimor.hu\/index.php?rest_route=%2Fwp%2Fv2%2Fcomments&post=9842"}],"version-history":[{"count":7,"href":"https:\/\/www.gardonyimor.hu\/index.php?rest_route=\/wp\/v2\/pages\/9842\/revisions"}],"predecessor-version":[{"id":18936,"href":"https:\/\/www.gardonyimor.hu\/index.php?rest_route=\/wp\/v2\/pages\/9842\/revisions\/18936"}],"up":[{"embeddable":true,"href":"https:\/\/www.gardonyimor.hu\/index.php?rest_route=\/wp\/v2\/pages\/877"}],"wp:attachment":[{"href":"https:\/\/www.gardonyimor.hu\/index.php?rest_route=%2Fwp%2Fv2%2Fmedia&parent=9842"}],"curies":[{"name":"wp","href":"https:\/\/api.w.org\/{rel}","templated":true}]}}